{"id":262,"date":"2024-04-03T18:21:28","date_gmt":"2024-04-03T18:21:28","guid":{"rendered":"https:\/\/nice-joliot.85-214-18-126.plesk.page\/?page_id=262"},"modified":"2024-04-03T19:36:13","modified_gmt":"2024-04-03T19:36:13","slug":"bierbrau","status":"publish","type":"page","link":"https:\/\/nice-joliot.85-214-18-126.plesk.page\/index.php\/bierbrau\/","title":{"rendered":"BierBrauArt"},"content":{"rendered":"\t\t<div data-elementor-type=\"wp-page\" data-elementor-id=\"262\" class=\"elementor elementor-262\">\n\t\t\t\t\t\t<section class=\"elementor-section elementor-top-section elementor-element elementor-element-37f17c8 elementor-section-boxed elementor-section-height-default elementor-section-height-default\" data-id=\"37f17c8\" data-element_type=\"section\">\n\t\t\t\t\t\t<div class=\"elementor-container elementor-column-gap-default\">\n\t\t\t\t\t<div class=\"elementor-column elementor-col-100 elementor-top-column elementor-element elementor-element-a4e9658\" data-id=\"a4e9658\" data-element_type=\"column\">\n\t\t\t<div class=\"elementor-widget-wrap elementor-element-populated\">\n\t\t\t\t\t\t<div class=\"elementor-element elementor-element-72cbb66 elementor-widget elementor-widget-text-editor\" data-id=\"72cbb66\" data-element_type=\"widget\" data-widget_type=\"text-editor.default\">\n\t\t\t\t<div class=\"elementor-widget-container\">\n\t\t\t\t\t\t\t\t\t<p>2020 sind wir mit dem Bierbrauen angefangen, seitdem brauen wir ungef\u00e4hr 100 Liter f\u00fcr den Hausgebrauch. Wir benutzen daf\u00fcr Flensburger Flaschen, aber auch wahrlos auf dem Flohmarkt gekaufte Flaschen. Die Zusammensetzung der Zutaten f\u00fcr das Bier w\u00e4hlen wir meistens kurz vor dem Kauf der Zutaten. Die Beratung bei unserem H\u00e4ndler MyBier ist dabei auch ein wichtiger Faktor der Wahl der Zutaten.<\/p>\t\t\t\t\t\t\t\t<\/div>\n\t\t\t\t<\/div>\n\t\t\t\t\t<\/div>\n\t\t<\/div>\n\t\t\t\t\t<\/div>\n\t\t<\/section>\n\t\t\t\t<section class=\"elementor-section elementor-top-section elementor-element elementor-element-03bd966 elementor-section-boxed elementor-section-height-default elementor-section-height-default\" data-id=\"03bd966\" data-element_type=\"section\">\n\t\t\t\t\t\t<div class=\"elementor-container elementor-column-gap-default\">\n\t\t\t\t\t<div class=\"elementor-column elementor-col-50 elementor-top-column elementor-element elementor-element-3f498ab\" data-id=\"3f498ab\" data-element_type=\"column\">\n\t\t\t<div class=\"elementor-widget-wrap elementor-element-populated\">\n\t\t\t\t\t\t<div class=\"elementor-element elementor-element-c6b76ed elementor-widget elementor-widget-image\" data-id=\"c6b76ed\" data-element_type=\"widget\" data-widget_type=\"image.default\">\n\t\t\t\t<div class=\"elementor-widget-container\">\n\t\t\t\t\t\t\t\t\t\t\t\t<figure class=\"wp-caption\">\n\t\t\t\t\t\t\t\t\t\t<img decoding=\"async\" src=\"https:\/\/nice-joliot.85-214-18-126.plesk.page\/wp-content\/uploads\/elementor\/thumbs\/IMG_6737-scaled-qm6fyarbolrrrjzzfg0bdnt2248sepptgxve3jqtw2.jpg\" title=\"IMG_6737\" alt=\"IMG_6737\" loading=\"lazy\" \/>\t\t\t\t\t\t\t\t\t\t\t<figcaption class=\"widget-image-caption wp-caption-text\">Unterg\u00e4riges Bier mit Saphir. Mehr ab dem 24.04.24.<\/figcaption>\n\t\t\t\t\t\t\t\t\t\t<\/figure>\n\t\t\t\t\t\t\t\t\t<\/div>\n\t\t\t\t<\/div>\n\t\t\t\t\t<\/div>\n\t\t<\/div>\n\t\t\t\t<div class=\"elementor-column elementor-col-50 elementor-top-column elementor-element elementor-element-e81a8db\" data-id=\"e81a8db\" data-element_type=\"column\">\n\t\t\t<div class=\"elementor-widget-wrap elementor-element-populated\">\n\t\t\t\t\t\t<div class=\"elementor-element elementor-element-8aaa126 elementor-widget elementor-widget-image\" data-id=\"8aaa126\" data-element_type=\"widget\" data-widget_type=\"image.default\">\n\t\t\t\t<div class=\"elementor-widget-container\">\n\t\t\t\t\t\t\t\t\t\t\t\t<figure class=\"wp-caption\">\n\t\t\t\t\t\t\t\t\t\t<img decoding=\"async\" src=\"https:\/\/nice-joliot.85-214-18-126.plesk.page\/wp-content\/uploads\/elementor\/thumbs\/IMG_6740-scaled-qm6fy38m5xhh6oawncratppdb19up4vyrwni9c1z9u.jpg\" title=\"IMG_6740\" alt=\"IMG_6740\" loading=\"lazy\" \/>\t\t\t\t\t\t\t\t\t\t\t<figcaption class=\"widget-image-caption wp-caption-text\">Unterg\u00e4riges Bier mit Spalt Spalter und Aromahopfen.<\/figcaption>\n\t\t\t\t\t\t\t\t\t\t<\/figure>\n\t\t\t\t\t\t\t\t\t<\/div>\n\t\t\t\t<\/div>\n\t\t\t\t\t<\/div>\n\t\t<\/div>\n\t\t\t\t\t<\/div>\n\t\t<\/section>\n\t\t\t\t<\/div>\n\t\t","protected":false},"excerpt":{"rendered":"<p>2020 sind wir mit dem Bierbrauen angefangen, seitdem brauen wir ungef\u00e4hr 100 Liter f\u00fcr den Hausgebrauch. Wir benutzen daf\u00fcr Flensburger Flaschen, aber auch wahrlos auf dem Flohmarkt gekaufte Flaschen. Die Zusammensetzung der Zutaten f\u00fcr das Bier w\u00e4hlen wir meistens kurz vor dem Kauf der Zutaten. Die Beratung bei unserem H\u00e4ndler MyBier ist dabei auch ein [&hellip;]<\/p>\n","protected":false},"author":1,"featured_media":0,"parent":0,"menu_order":0,"comment_status":"closed","ping_status":"closed","template":"","meta":{"footnotes":""},"class_list":["post-262","page","type-page","status-publish","hentry"],"_links":{"self":[{"href":"https:\/\/nice-joliot.85-214-18-126.plesk.page\/index.php\/wp-json\/wp\/v2\/pages\/262","targetHints":{"allow":["GET"]}}],"collection":[{"href":"https:\/\/nice-joliot.85-214-18-126.plesk.page\/index.php\/wp-json\/wp\/v2\/pages"}],"about":[{"href":"https:\/\/nice-joliot.85-214-18-126.plesk.page\/index.php\/wp-json\/wp\/v2\/types\/page"}],"author":[{"embeddable":true,"href":"https:\/\/nice-joliot.85-214-18-126.plesk.page\/index.php\/wp-json\/wp\/v2\/users\/1"}],"replies":[{"embeddable":true,"href":"https:\/\/nice-joliot.85-214-18-126.plesk.page\/index.php\/wp-json\/wp\/v2\/comments?post=262"}],"version-history":[{"count":8,"href":"https:\/\/nice-joliot.85-214-18-126.plesk.page\/index.php\/wp-json\/wp\/v2\/pages\/262\/revisions"}],"predecessor-version":[{"id":278,"href":"https:\/\/nice-joliot.85-214-18-126.plesk.page\/index.php\/wp-json\/wp\/v2\/pages\/262\/revisions\/278"}],"wp:attachment":[{"href":"https:\/\/nice-joliot.85-214-18-126.plesk.page\/index.php\/wp-json\/wp\/v2\/media?parent=262"}],"curies":[{"name":"wp","href":"https:\/\/api.w.org\/{rel}","templated":true}]}}